{"id":166,"date":"2024-07-02T18:26:45","date_gmt":"2024-07-02T16:26:45","guid":{"rendered":"https:\/\/www.cc3.it\/?page_id=166"},"modified":"2024-07-02T18:28:27","modified_gmt":"2024-07-02T16:28:27","slug":"cookie","status":"publish","type":"page","link":"https:\/\/www.cc3.it\/?page_id=166","title":{"rendered":"Cookie"},"content":{"rendered":"\n<p>Questa informativa illustra in dettaglio come questo sito utilizza i cookie nonch\u00e9 i file tipo cookie e le tecnologie sui suoi siti web, ad esempio i Local Shared Objects, noti anche come i &#8220;cookie di Flash&#8221;, i Web beacon, ecc. Ci riferiremo a questi generalmente come \u201ccookie\u201d. Se visiti il nostro sito web e le impostazioni del tuo browser accettano i cookie, l&#8217;utilizzo dei nostri cookie sar\u00e0 considerato accettato.<br>I cookie sono piccoli file inviati e memorizzati nel tuo computer dai siti web che visiti. I cookie sono memorizzati nella directory dei file del tuo browser. La volta successiva in cui visiterai il sito, il tuo browser legger\u00e0 il cookie e ritrasmetter\u00e0 le informazioni al sito web o all&#8217;entit\u00e0 che originariamente ha creato il cookie. Per saperne di pi\u00f9 su queste tecnologie e su come funzionano, visita, ad esempio, il sito allaboutcookies.org.<br>I cookies di sessione utilizzati in questo sito evitano il ricorso ad altre tecniche informatiche potenzialmente pregiudizievoli per la riservatezza della navigazione degli utenti e non consentono l&#8217;acquisizione di dati personali identificativi dell&#8217;utente.<br>I tempi di conservazione dei dati acquisiti dipendono dai tipi di cookie. I cookie della sessione scadono quando viene chiuso il browser. I cookie persistenti, incluso i Local Shared Objects 1\u201ccookie di Flash\u201d1, hanno date di scadenza tipiche che vanno da due mesi fino a un paio di anni.<\/p>\n\n\n\n<h2 class=\"wp-block-heading\">Come disabilitare i cookie (opt-out)<\/h2>\n\n\n\n<p>La maggioranza dei browser internet sono inizialmente impostati per accettare i cookie in modo automatico. Ci\u00f2 significa che hai la possibilit\u00e0, in ogni momento, di impostare il tuo browser in modo da accettare tutti i cookie, solo alcuni, oppure di rifiutarli, disabilitandone l\u2019uso da parte dei siti. Inoltre puoi normalmente impostare le preferenze del tuo browser in modo tale da essere avvisato ogni volta che un cookie viene memorizzato nel tuo computer. Al termine di ogni sessione di navigazione, infine, puoi cancellare dal disco fisso del tuo dispositivo i cookie raccolti. Se vuoi eliminare i cookie installati nella cartella dei cookie del browser utilizzato, occorre rammentare che ciascun browser presenta procedure diverse per la gestione delle impostazioni.<br>Puoi trovare informazioni su come gestire i Cookie nel tuo browser ai seguenti indirizzi: Google Chrome (https:\/\/support.google.com\/chrome\/answer\/95647?hl=it&amp;p=cpn_cookies)<br>Mozilla Firefox (https:\/\/support.mozilla.org\/it\/kb\/Attivare%20e%20disattivare%20i%20cookie)<br>Apple Safari (https:\/\/support.apple.com\/kb\/PH19214?viewlocale=it_IT&amp;locale=en_US)<br>Microsoft Windows Explorer (http:\/\/windows.microsoft.com\/it-it\/windows-vista\/block-or-allow-cookies)<br>Inoltre per non ricevere i cookie di Google Analytics puoi visitare la pagina:<br>https:\/\/tools.google.com\/dlpage\/gaoptout\/<br>In alternativa \u00e8 possibile disabilitare soltanto i cookie di Google Analytics, utilizzando il componente aggiuntivo di opt-out fornito da Google per i browser principali.<br>Se vuoi saperne di pi\u00f9 sui cookie in generale visita la pagina www.allaboutcookies.org oppure www.garanteprivacy\/cookie.<\/p>\n\n\n\n<h2 class=\"wp-block-heading\">Servizi e cookies erogati da Terze Parti<\/h2>\n\n\n\n<p>In caso di servizi erogati da terze parti, puoi inoltre esercitare il tuo diritto ad opporti al tracciamento informandoti tramite la privacy policy della terza parte, tramite il link di opt-out se esplicitamente fornito o contattando direttamente la stessa.<br>Fermo restando quanto poc\u2019anzi affermato, il Titolare t\u2019informa che puoi avvalerti di Your Online Choices (http:\/\/www.youronlinechoices.com\/). Attraverso tale servizio ti \u00e8 possibile gestire le preferenze di tracciamento della maggior parte degli strumenti pubblicitari. Il Titolare, pertanto, ti consiglia di utilizzare tale risorsa in aggiunta alle informazioni fornite dal presente documento.<br>Dal momento che l&#8217;installazione di Cookie e di altri sistemi di tracciamento operata da terze parti tramite i servizi utilizzati all&#8217;interno di questo Sito non pu\u00f2 essere tecnicamente controllato dal Titolare, ogni riferimento specifico a Cookie e sistemi di tracciamento installati da terze parti \u00e8 da considerarsi indicativo. Per ottenere informazioni complete, consulta la privacy policy degli eventuali servizi terzi.<br>Vista l&#8217;oggettiva complessit\u00e0 legata all&#8217;identificazione delle tecnologie basate sui Cookie ed alla loro integrazione molto stretta con il funzionamento del web, sei invitato a contattare il Titolare qualora volessi ricevere qualunque approfondimento relativo all&#8217;utilizzo dei Cookie stessi e ad eventuali utilizzi degli stessi \u2013 ad esempio ad opera di terzi \u2013 effettuati tramite questo sito.<\/p>\n\n\n\n<h2 class=\"wp-block-heading\">Per maggiori informazioni puoi contattare il Titolare del trattamento:<\/h2>\n\n\n\n<p>Web, of course! di Alessandro Cingerla Borgo Cividale 23 33057 Palmanova UD info@webofcourse.com<\/p>\n\n\n\n<p>Ultima modifica: 13 giugno 2022<\/p>\n","protected":false},"excerpt":{"rendered":"<p>Questa informativa illustra in dettaglio come questo sito utilizza i cookie nonch\u00e9 i file tipo cookie e le tecnologie sui [&hellip;]<\/p>\n","protected":false},"author":1,"featured_media":0,"parent":0,"menu_order":0,"comment_status":"closed","ping_status":"closed","template":"","meta":{"_uag_custom_page_level_css":"","site-sidebar-layout":"default","site-content-layout":"","ast-site-content-layout":"default","site-content-style":"default","site-sidebar-style":"default","ast-global-header-display":"","ast-banner-title-visibility":"","ast-main-header-display":"","ast-hfb-above-header-display":"","ast-hfb-below-header-display":"","ast-hfb-mobile-header-display":"","site-post-title":"","ast-breadcrumbs-content":"","ast-featured-img":"","footer-sml-layout":"","theme-transparent-header-meta":"","adv-header-id-meta":"","stick-header-meta":"","header-above-stick-meta":"","header-main-stick-meta":"","header-below-stick-meta":"","astra-migrate-meta-layouts":"default","ast-page-background-enabled":"default","ast-page-background-meta":{"desktop":{"background-color":"var(--ast-global-color-4)","background-image":"","background-repeat":"repeat","background-position":"center center","background-size":"auto","background-attachment":"scroll","background-type":"","background-media":"","overlay-type":"","overlay-color":"","overlay-opacity":"","overlay-gradient":""},"tablet":{"background-color":"","background-image":"","background-repeat":"repeat","background-position":"center center","background-size":"auto","background-attachment":"scroll","background-type":"","background-media":"","overlay-type":"","overlay-color":"","overlay-opacity":"","overlay-gradient":""},"mobile":{"background-color":"","background-image":"","background-repeat":"repeat","background-position":"center center","background-size":"auto","background-attachment":"scroll","background-type":"","background-media":"","overlay-type":"","overlay-color":"","overlay-opacity":"","overlay-gradient":""}},"ast-content-background-meta":{"desktop":{"background-color":"var(--ast-global-color-5)","background-image":"","background-repeat":"repeat","background-position":"center center","background-size":"auto","background-attachment":"scroll","background-type":"","background-media":"","overlay-type":"","overlay-color":"","overlay-opacity":"","overlay-gradient":""},"tablet":{"background-color":"var(--ast-global-color-5)","background-image":"","background-repeat":"repeat","background-position":"center center","background-size":"auto","background-attachment":"scroll","background-type":"","background-media":"","overlay-type":"","overlay-color":"","overlay-opacity":"","overlay-gradient":""},"mobile":{"background-color":"var(--ast-global-color-5)","background-image":"","background-repeat":"repeat","background-position":"center center","background-size":"auto","background-attachment":"scroll","background-type":"","background-media":"","overlay-type":"","overlay-color":"","overlay-opacity":"","overlay-gradient":""}},"footnotes":""},"class_list":["post-166","page","type-page","status-publish","hentry"],"uagb_featured_image_src":{"full":false,"thumbnail":false,"medium":false,"medium_large":false,"large":false,"1536x1536":false,"2048x2048":false},"uagb_author_info":{"display_name":"debug","author_link":"https:\/\/www.cc3.it\/?author=1"},"uagb_comment_info":0,"uagb_excerpt":"Questa informativa illustra in dettaglio come questo sito utilizza i cookie nonch\u00e9 i file tipo cookie e le tecnologie sui [&hellip;]","_links":{"self":[{"href":"https:\/\/www.cc3.it\/index.php?rest_route=\/wp\/v2\/pages\/166","targetHints":{"allow":["GET"]}}],"collection":[{"href":"https:\/\/www.cc3.it\/index.php?rest_route=\/wp\/v2\/pages"}],"about":[{"href":"https:\/\/www.cc3.it\/index.php?rest_route=\/wp\/v2\/types\/page"}],"author":[{"embeddable":true,"href":"https:\/\/www.cc3.it\/index.php?rest_route=\/wp\/v2\/users\/1"}],"replies":[{"embeddable":true,"href":"https:\/\/www.cc3.it\/index.php?rest_route=%2Fwp%2Fv2%2Fcomments&post=166"}],"version-history":[{"count":3,"href":"https:\/\/www.cc3.it\/index.php?rest_route=\/wp\/v2\/pages\/166\/revisions"}],"predecessor-version":[{"id":238,"href":"https:\/\/www.cc3.it\/index.php?rest_route=\/wp\/v2\/pages\/166\/revisions\/238"}],"wp:attachment":[{"href":"https:\/\/www.cc3.it\/index.php?rest_route=%2Fwp%2Fv2%2Fmedia&parent=166"}],"curies":[{"name":"wp","href":"https:\/\/api.w.org\/{rel}","templated":true}]}}