{"id":349,"date":"2025-08-11T12:10:10","date_gmt":"2025-08-11T10:10:10","guid":{"rendered":"https:\/\/www.cc3.it\/?page_id=349"},"modified":"2025-08-26T12:02:28","modified_gmt":"2025-08-26T10:02:28","slug":"planimetrie-idee","status":"publish","type":"page","link":"https:\/\/www.cc3.it\/","title":{"rendered":"Idee"},"content":{"rendered":"\n<p>La pianta della casa cos\u00ec come prevista da un geometra. Soluzione che non \u00e8 condivisibile n\u00e9 per disposizione degli spazi n\u00e9 perch\u00e9 prevede una ristrutturazione completa.<\/p>\n\n\n\n<figure class=\"wp-block-image alignwide size-large\"><img loading=\"lazy\" decoding=\"async\" width=\"1024\" height=\"594\" src=\"https:\/\/www.cc3.it\/wp-content\/uploads\/2025\/08\/planimetria-da-rivedere-082025-1024x594.png\" alt=\"\" class=\"wp-image-371\" srcset=\"https:\/\/www.cc3.it\/wp-content\/uploads\/2025\/08\/planimetria-da-rivedere-082025-1024x594.png 1024w, https:\/\/www.cc3.it\/wp-content\/uploads\/2025\/08\/planimetria-da-rivedere-082025-300x174.png 300w, https:\/\/www.cc3.it\/wp-content\/uploads\/2025\/08\/planimetria-da-rivedere-082025-768x446.png 768w, https:\/\/www.cc3.it\/wp-content\/uploads\/2025\/08\/planimetria-da-rivedere-082025.png 1501w\" sizes=\"auto, (max-width: 1024px) 100vw, 1024px\" \/><\/figure>\n\n\n\n<div class=\"wp-block-uagb-icon-list uagb-block-0fa02d7a centered-icon-licentered-icon\"><div class=\"uagb-icon-list__wrap\">\n<div class=\"wp-block-uagb-icon-list-child uagb-block-1bf3d974 centered-icon-li\"><a target=\"_blank\" aria-label=\"pdf 1:100\" rel=\"noopener noreferrer\" href=\"https:\/\/www.cc3.it\/wp-content\/uploads\/2025\/08\/planimetria-da-rivedere-082025.pdf\"> <\/a><span class=\"uagb-icon-list__source-wrap\"><svg xmlns=\"https:\/\/www.w3.org\/2000\/svg\" viewBox=\"0 0 512 512\"><path d=\"M480 352h-133.5l-45.25 45.25C289.2 409.3 273.1 416 256 416s-33.16-6.656-45.25-18.75L165.5 352H32c-17.67 0-32 14.33-32 32v96c0 17.67 14.33 32 32 32h448c17.67 0 32-14.33 32-32v-96C512 366.3 497.7 352 480 352zM432 456c-13.2 0-24-10.8-24-24c0-13.2 10.8-24 24-24s24 10.8 24 24C456 445.2 445.2 456 432 456zM233.4 374.6C239.6 380.9 247.8 384 256 384s16.38-3.125 22.62-9.375l128-128c12.49-12.5 12.49-32.75 0-45.25c-12.5-12.5-32.76-12.5-45.25 0L288 274.8V32c0-17.67-14.33-32-32-32C238.3 0 224 14.33 224 32v242.8L150.6 201.4c-12.49-12.5-32.75-12.5-45.25 0c-12.49 12.5-12.49 32.75 0 45.25L233.4 374.6z\"><\/path><\/svg><\/span><span class=\"uagb-icon-list__label\">pdf 1:100<\/span><\/div>\n<\/div><\/div>\n\n\n\n<div style=\"height:100px\" aria-hidden=\"true\" class=\"wp-block-spacer\"><\/div>\n\n\n\n<h2 class=\"wp-block-heading has-text-align-center orange\">Idee Piano Terra<\/h2>\n\n\n\n<p>L&#8217;obiettivo vorrebbe essere spostare la residenza. Le possibilit\u00e0 sono due. La sistemazione del piano terra, con due soluzioni, oppure la sistemazione della torretta esterna  e lasciare in seguito la sistemazione della parte principale.<\/p>\n\n\n\n<div class=\"wp-block-columns is-layout-flex wp-container-core-columns-is-layout-2000334d wp-block-columns-is-layout-flex\" style=\"padding-top:0;padding-right:0;padding-bottom:0;padding-left:0\">\n<div class=\"wp-block-column is-layout-flow wp-block-column-is-layout-flow\">\n<h2 class=\"wp-block-heading has-text-align-center orange\">Easy<\/h2>\n\n\n\n<figure class=\"wp-block-image aligncenter size-large\"><img loading=\"lazy\" decoding=\"async\" width=\"851\" height=\"1024\" src=\"https:\/\/www.cc3.it\/wp-content\/uploads\/2025\/08\/r-easy-pt-851x1024.png\" alt=\"\" class=\"wp-image-358\" style=\"box-shadow:none\" srcset=\"https:\/\/www.cc3.it\/wp-content\/uploads\/2025\/08\/r-easy-pt-851x1024.png 851w, https:\/\/www.cc3.it\/wp-content\/uploads\/2025\/08\/r-easy-pt-249x300.png 249w, https:\/\/www.cc3.it\/wp-content\/uploads\/2025\/08\/r-easy-pt-768x925.png 768w, https:\/\/www.cc3.it\/wp-content\/uploads\/2025\/08\/r-easy-pt-1276x1536.png 1276w, https:\/\/www.cc3.it\/wp-content\/uploads\/2025\/08\/r-easy-pt-1701x2048.png 1701w, https:\/\/www.cc3.it\/wp-content\/uploads\/2025\/08\/r-easy-pt.png 2035w\" sizes=\"auto, (max-width: 851px) 100vw, 851px\" \/><\/figure>\n\n\n\n<div class=\"wp-block-uagb-icon-list uagb-block-2e2950f7\"><div class=\"uagb-icon-list__wrap\">\n<div class=\"wp-block-uagb-icon-list-child uagb-block-dfddbf12 centered-icon-li\"><a target=\"_blank\" aria-label=\"pdf 1:100\" rel=\"noopener noreferrer\" href=\"https:\/\/www.cc3.it\/wp-content\/uploads\/2025\/08\/r-easy-pt-1.pdf\"> <\/a><span class=\"uagb-icon-list__source-wrap\"><svg xmlns=\"https:\/\/www.w3.org\/2000\/svg\" viewBox=\"0 0 512 512\"><path d=\"M480 352h-133.5l-45.25 45.25C289.2 409.3 273.1 416 256 416s-33.16-6.656-45.25-18.75L165.5 352H32c-17.67 0-32 14.33-32 32v96c0 17.67 14.33 32 32 32h448c17.67 0 32-14.33 32-32v-96C512 366.3 497.7 352 480 352zM432 456c-13.2 0-24-10.8-24-24c0-13.2 10.8-24 24-24s24 10.8 24 24C456 445.2 445.2 456 432 456zM233.4 374.6C239.6 380.9 247.8 384 256 384s16.38-3.125 22.62-9.375l128-128c12.49-12.5 12.49-32.75 0-45.25c-12.5-12.5-32.76-12.5-45.25 0L288 274.8V32c0-17.67-14.33-32-32-32C238.3 0 224 14.33 224 32v242.8L150.6 201.4c-12.49-12.5-32.75-12.5-45.25 0c-12.49 12.5-12.49 32.75 0 45.25L233.4 374.6z\"><\/path><\/svg><\/span><span class=\"uagb-icon-list__label\">pdf 1:100<\/span><\/div>\n<\/div><\/div>\n<\/div>\n\n\n\n<div class=\"wp-block-column is-layout-flow wp-block-column-is-layout-flow\">\n<h2 class=\"wp-block-heading has-text-align-center orange\">Top<\/h2>\n\n\n\n<figure class=\"wp-block-image aligncenter size-large\"><img loading=\"lazy\" decoding=\"async\" width=\"851\" height=\"1024\" src=\"https:\/\/www.cc3.it\/wp-content\/uploads\/2025\/08\/r-top-pt-851x1024.png\" alt=\"\" class=\"wp-image-359\" style=\"box-shadow:none\" srcset=\"https:\/\/www.cc3.it\/wp-content\/uploads\/2025\/08\/r-top-pt-851x1024.png 851w, https:\/\/www.cc3.it\/wp-content\/uploads\/2025\/08\/r-top-pt-249x300.png 249w, https:\/\/www.cc3.it\/wp-content\/uploads\/2025\/08\/r-top-pt-768x925.png 768w, https:\/\/www.cc3.it\/wp-content\/uploads\/2025\/08\/r-top-pt-1276x1536.png 1276w, https:\/\/www.cc3.it\/wp-content\/uploads\/2025\/08\/r-top-pt-1701x2048.png 1701w, https:\/\/www.cc3.it\/wp-content\/uploads\/2025\/08\/r-top-pt.png 2035w\" sizes=\"auto, (max-width: 851px) 100vw, 851px\" \/><\/figure>\n\n\n\n<div class=\"wp-block-uagb-icon-list uagb-block-9855d0db\"><div class=\"uagb-icon-list__wrap\">\n<div class=\"wp-block-uagb-icon-list-child uagb-block-8164fbaa centered-icon-li\"><a target=\"_blank\" aria-label=\"pdf 1:100\" rel=\"noopener noreferrer\" href=\"https:\/\/www.cc3.it\/wp-content\/uploads\/2025\/08\/r-top-pt.pdf\"> <\/a><span class=\"uagb-icon-list__source-wrap\"><svg xmlns=\"https:\/\/www.w3.org\/2000\/svg\" viewBox=\"0 0 512 512\"><path d=\"M480 352h-133.5l-45.25 45.25C289.2 409.3 273.1 416 256 416s-33.16-6.656-45.25-18.75L165.5 352H32c-17.67 0-32 14.33-32 32v96c0 17.67 14.33 32 32 32h448c17.67 0 32-14.33 32-32v-96C512 366.3 497.7 352 480 352zM432 456c-13.2 0-24-10.8-24-24c0-13.2 10.8-24 24-24s24 10.8 24 24C456 445.2 445.2 456 432 456zM233.4 374.6C239.6 380.9 247.8 384 256 384s16.38-3.125 22.62-9.375l128-128c12.49-12.5 12.49-32.75 0-45.25c-12.5-12.5-32.76-12.5-45.25 0L288 274.8V32c0-17.67-14.33-32-32-32C238.3 0 224 14.33 224 32v242.8L150.6 201.4c-12.49-12.5-32.75-12.5-45.25 0c-12.49 12.5-12.49 32.75 0 45.25L233.4 374.6z\"><\/path><\/svg><\/span><span class=\"uagb-icon-list__label\">pdf 1:100<\/span><\/div>\n<\/div><\/div>\n<\/div>\n<\/div>\n\n\n\n<div style=\"height:100px\" aria-hidden=\"true\" class=\"wp-block-spacer\"><\/div>\n\n\n\n<h2 class=\"wp-block-heading has-text-align-center orange\">Idee Torre<\/h2>\n\n\n\n<p>La sistemazione della torre prevede varie fasi.<\/p>\n\n\n\n<ul class=\"wp-block-list check\">\n<li>requisiti minimi richiesti dalla normativa italiana per essere considerato \u201cspazio abitabile\u201d<\/li>\n\n\n\n<li>requisiti igienico-sanitari fondamentali<\/li>\n\n\n\n<li>valutare stabilit\u00e0 strutturale<\/li>\n\n\n\n<li>capire se \u00e8 conforme per futuri sviluppi<\/li>\n\n\n\n<li>preventivare impianti<\/li>\n\n\n\n<li>piano lavoro: impianto elettrico base, bagno con doccia e caldaia a gas o elettrico; rivestimenti e isolamento, climatizzatore per caldo\/freddo; allaccio alle utenze<\/li>\n<\/ul>\n\n\n\n<div class=\"wp-block-columns is-layout-flex wp-container-core-columns-is-layout-0b318afb wp-block-columns-is-layout-flex\" style=\"padding-top:0;padding-right:var(--wp--preset--spacing--40);padding-bottom:0;padding-left:var(--wp--preset--spacing--40)\">\n<div class=\"wp-block-column is-layout-flow wp-block-column-is-layout-flow\">\n<figure class=\"wp-block-image size-large\"><img loading=\"lazy\" decoding=\"async\" width=\"951\" height=\"1024\" src=\"https:\/\/www.cc3.it\/wp-content\/uploads\/2025\/08\/torre-pt-951x1024.png\" alt=\"\" class=\"wp-image-504\" style=\"box-shadow:none\" srcset=\"https:\/\/www.cc3.it\/wp-content\/uploads\/2025\/08\/torre-pt-951x1024.png 951w, https:\/\/www.cc3.it\/wp-content\/uploads\/2025\/08\/torre-pt-279x300.png 279w, https:\/\/www.cc3.it\/wp-content\/uploads\/2025\/08\/torre-pt-768x827.png 768w, https:\/\/www.cc3.it\/wp-content\/uploads\/2025\/08\/torre-pt-1426x1536.png 1426w, https:\/\/www.cc3.it\/wp-content\/uploads\/2025\/08\/torre-pt.png 1536w\" sizes=\"auto, (max-width: 951px) 100vw, 951px\" \/><\/figure>\n\n\n\n<div class=\"wp-block-uagb-icon-list uagb-block-511b893a centered-icon-licentered-icon\"><div class=\"uagb-icon-list__wrap\">\n<div class=\"wp-block-uagb-icon-list-child uagb-block-8a9fe521 centered-icon-li\"><a target=\"_blank\" aria-label=\"pdf 1:100\" rel=\"noopener noreferrer\" href=\"https:\/\/www.cc3.it\/wp-content\/uploads\/2025\/08\/torre-p1-1-100.pdf\"> <\/a><span class=\"uagb-icon-list__source-wrap\"><svg xmlns=\"https:\/\/www.w3.org\/2000\/svg\" viewBox=\"0 0 512 512\"><path d=\"M480 352h-133.5l-45.25 45.25C289.2 409.3 273.1 416 256 416s-33.16-6.656-45.25-18.75L165.5 352H32c-17.67 0-32 14.33-32 32v96c0 17.67 14.33 32 32 32h448c17.67 0 32-14.33 32-32v-96C512 366.3 497.7 352 480 352zM432 456c-13.2 0-24-10.8-24-24c0-13.2 10.8-24 24-24s24 10.8 24 24C456 445.2 445.2 456 432 456zM233.4 374.6C239.6 380.9 247.8 384 256 384s16.38-3.125 22.62-9.375l128-128c12.49-12.5 12.49-32.75 0-45.25c-12.5-12.5-32.76-12.5-45.25 0L288 274.8V32c0-17.67-14.33-32-32-32C238.3 0 224 14.33 224 32v242.8L150.6 201.4c-12.49-12.5-32.75-12.5-45.25 0c-12.49 12.5-12.49 32.75 0 45.25L233.4 374.6z\"><\/path><\/svg><\/span><span class=\"uagb-icon-list__label\">pdf 1:100<\/span><\/div>\n<\/div><\/div>\n<\/div>\n\n\n\n<div class=\"wp-block-column is-layout-flow wp-block-column-is-layout-flow\">\n<figure class=\"wp-block-image size-large\"><img loading=\"lazy\" decoding=\"async\" width=\"951\" height=\"1024\" src=\"https:\/\/www.cc3.it\/wp-content\/uploads\/2025\/08\/torre-1p-1-951x1024.png\" alt=\"\" class=\"wp-image-505\" style=\"box-shadow:none\" srcset=\"https:\/\/www.cc3.it\/wp-content\/uploads\/2025\/08\/torre-1p-1-951x1024.png 951w, https:\/\/www.cc3.it\/wp-content\/uploads\/2025\/08\/torre-1p-1-279x300.png 279w, https:\/\/www.cc3.it\/wp-content\/uploads\/2025\/08\/torre-1p-1-768x827.png 768w, https:\/\/www.cc3.it\/wp-content\/uploads\/2025\/08\/torre-1p-1-1426x1536.png 1426w, https:\/\/www.cc3.it\/wp-content\/uploads\/2025\/08\/torre-1p-1.png 1536w\" sizes=\"auto, (max-width: 951px) 100vw, 951px\" \/><\/figure>\n\n\n\n<div class=\"wp-block-uagb-icon-list uagb-block-21839d63 centered-icon-licentered-icon\"><div class=\"uagb-icon-list__wrap\">\n<div class=\"wp-block-uagb-icon-list-child uagb-block-a36057cc centered-icon-li\"><a target=\"_blank\" aria-label=\"pdf 1:100\" rel=\"noopener noreferrer\" href=\"https:\/\/www.cc3.it\/wp-content\/uploads\/2025\/08\/torre-pt-1-100.pdf\"> <\/a><span class=\"uagb-icon-list__source-wrap\"><svg xmlns=\"https:\/\/www.w3.org\/2000\/svg\" viewBox=\"0 0 512 512\"><path d=\"M480 352h-133.5l-45.25 45.25C289.2 409.3 273.1 416 256 416s-33.16-6.656-45.25-18.75L165.5 352H32c-17.67 0-32 14.33-32 32v96c0 17.67 14.33 32 32 32h448c17.67 0 32-14.33 32-32v-96C512 366.3 497.7 352 480 352zM432 456c-13.2 0-24-10.8-24-24c0-13.2 10.8-24 24-24s24 10.8 24 24C456 445.2 445.2 456 432 456zM233.4 374.6C239.6 380.9 247.8 384 256 384s16.38-3.125 22.62-9.375l128-128c12.49-12.5 12.49-32.75 0-45.25c-12.5-12.5-32.76-12.5-45.25 0L288 274.8V32c0-17.67-14.33-32-32-32C238.3 0 224 14.33 224 32v242.8L150.6 201.4c-12.49-12.5-32.75-12.5-45.25 0c-12.49 12.5-12.49 32.75 0 45.25L233.4 374.6z\"><\/path><\/svg><\/span><span class=\"uagb-icon-list__label\">pdf 1:100<\/span><\/div>\n<\/div><\/div>\n<\/div>\n\n\n\n<div class=\"wp-block-column is-layout-flow wp-block-column-is-layout-flow\">\n<figure class=\"wp-block-image size-large\"><img loading=\"lazy\" decoding=\"async\" width=\"951\" height=\"1024\" src=\"https:\/\/www.cc3.it\/wp-content\/uploads\/2025\/08\/torre-2p-951x1024.png\" alt=\"\" class=\"wp-image-506\" style=\"box-shadow:none\" srcset=\"https:\/\/www.cc3.it\/wp-content\/uploads\/2025\/08\/torre-2p-951x1024.png 951w, https:\/\/www.cc3.it\/wp-content\/uploads\/2025\/08\/torre-2p-279x300.png 279w, https:\/\/www.cc3.it\/wp-content\/uploads\/2025\/08\/torre-2p-768x827.png 768w, https:\/\/www.cc3.it\/wp-content\/uploads\/2025\/08\/torre-2p-1426x1536.png 1426w, https:\/\/www.cc3.it\/wp-content\/uploads\/2025\/08\/torre-2p.png 1536w\" sizes=\"auto, (max-width: 951px) 100vw, 951px\" \/><\/figure>\n\n\n\n<div class=\"wp-block-uagb-icon-list uagb-block-d38cae59 centered-icon-licentered-icon\"><div class=\"uagb-icon-list__wrap\">\n<div class=\"wp-block-uagb-icon-list-child uagb-block-b2bffbf6 centered-icon-li\"><a target=\"_blank\" aria-label=\"pdf 1:100\" rel=\"noopener noreferrer\" href=\"https:\/\/www.cc3.it\/wp-content\/uploads\/2025\/08\/torre-p2-1-100.pdf\"> <\/a><span class=\"uagb-icon-list__source-wrap\"><svg xmlns=\"https:\/\/www.w3.org\/2000\/svg\" viewBox=\"0 0 512 512\"><path d=\"M480 352h-133.5l-45.25 45.25C289.2 409.3 273.1 416 256 416s-33.16-6.656-45.25-18.75L165.5 352H32c-17.67 0-32 14.33-32 32v96c0 17.67 14.33 32 32 32h448c17.67 0 32-14.33 32-32v-96C512 366.3 497.7 352 480 352zM432 456c-13.2 0-24-10.8-24-24c0-13.2 10.8-24 24-24s24 10.8 24 24C456 445.2 445.2 456 432 456zM233.4 374.6C239.6 380.9 247.8 384 256 384s16.38-3.125 22.62-9.375l128-128c12.49-12.5 12.49-32.75 0-45.25c-12.5-12.5-32.76-12.5-45.25 0L288 274.8V32c0-17.67-14.33-32-32-32C238.3 0 224 14.33 224 32v242.8L150.6 201.4c-12.49-12.5-32.75-12.5-45.25 0c-12.49 12.5-12.49 32.75 0 45.25L233.4 374.6z\"><\/path><\/svg><\/span><span class=\"uagb-icon-list__label\">pdf 1:100<\/span><\/div>\n<\/div><\/div>\n<\/div>\n<\/div>\n\n\n\n<div style=\"height:50px\" aria-hidden=\"true\" class=\"wp-block-spacer\"><\/div>\n\n\n\n<h2 class=\"wp-block-heading\">Considerazioni torretta<\/h2>\n\n\n\n<p>Dal momento che l\u2019unico modo per accedere alla torretta \u00e8 attraverso il corridoio della casa principale, se si intervenisse prima sulla casa principale, poi sarebbe difficile effettuare la manutenzione della torretta.<\/p>\n\n\n\n<p>Cambio di destinazione d&#8217;uso: meglio farlo ad inizio lavori o alla fine? Va da se che le rilevazioni di un ingegnere devono essere eseguite preventivamente. Il cambio destinazione d&#8217;uso ad inizio lavori permette di accedere al bonus ristrutturazione 50%, installare impianti a norma fin da subito e aumentare il valore dell\u2019immobile.<\/p>\n\n\n\n<p>La torretta \u00e8 stata parzialemente manutenuta nel passato con lavori artigianali non comunicati al comune. I lavori hanno riguardato la sistemazione esterna, l&#8217;applicazione di una &#8220;fascia di consolidamento&#8221; poco sotto il tetto.<\/p>\n\n\n\n<figure class=\"wp-block-image size-large\"><img loading=\"lazy\" decoding=\"async\" width=\"1024\" height=\"418\" src=\"https:\/\/www.cc3.it\/wp-content\/uploads\/2025\/08\/consolidamento-torretta-1-1024x418.jpg\" alt=\"consolidamento torretta\" class=\"wp-image-562\" srcset=\"https:\/\/www.cc3.it\/wp-content\/uploads\/2025\/08\/consolidamento-torretta-1-1024x418.jpg 1024w, https:\/\/www.cc3.it\/wp-content\/uploads\/2025\/08\/consolidamento-torretta-1-300x122.jpg 300w, https:\/\/www.cc3.it\/wp-content\/uploads\/2025\/08\/consolidamento-torretta-1-768x313.jpg 768w, https:\/\/www.cc3.it\/wp-content\/uploads\/2025\/08\/consolidamento-torretta-1.jpg 1400w\" sizes=\"auto, (max-width: 1024px) 100vw, 1024px\" \/><\/figure>\n\n\n\n<p><strong>RECUPERO<\/strong> e <strong>INTERVENTI EQUIPARATI<\/strong><br><a href=\"https:\/\/www.regione.fvg.it\/rafvg\/cms\/RAFVG\/famiglia-casa\/casa\/FOGLIA8\/#id3\">https:\/\/www.regione.fvg.it\/rafvg\/cms\/RAFVG\/famiglia-casa\/casa\/FOGLIA8\/#id3<\/a><br>Non sono compresi gli interventi di manutenzione ordinaria. Il richiedente \u00e8 tenuto ad informarsi presso un tecnico abilitato (architetto, ingegnere, geometra ecc.) se i lavori che intende effettuare sull\u2019abitazione sono classificabili tra gli interventi sopra elencati secondo quanto previsto dalla legge regionale 19\/2009.<\/p>\n\n\n\n<h2 class=\"wp-block-heading\">Agevolazioni regionali<\/h2>\n\n\n\n<p>\u00c8 possibile <strong>richiedere il bando del 2025<\/strong> per i <strong>lavori di ristrutturazione<\/strong>, presentando la domanda <strong>adesso<\/strong> tramite IOL, <strong>dopo l\u2019avvio lavori<\/strong>, e coprendo almeno il <strong>50\u202f%<\/strong> oppure fino a \u20ac60.000 (Tipo\u202fI) o \u20ac20.000 (Tipo\u202fII)? <\/p>\n","protected":false},"excerpt":{"rendered":"<p>La pianta della casa cos\u00ec come prevista da un geometra. Soluzione che non \u00e8 condivisibile n\u00e9 per disposizione degli spazi [&hellip;]<\/p>\n","protected":false},"author":1,"featured_media":0,"parent":0,"menu_order":0,"comment_status":"closed","ping_status":"closed","template":"","meta":{"_uag_custom_page_level_css":"","site-sidebar-layout":"default","site-content-layout":"","ast-site-content-layout":"default","site-content-style":"default","site-sidebar-style":"default","ast-global-header-display":"","ast-banner-title-visibility":"","ast-main-header-display":"","ast-hfb-above-header-display":"","ast-hfb-below-header-display":"","ast-hfb-mobile-header-display":"","site-post-title":"","ast-breadcrumbs-content":"","ast-featured-img":"","footer-sml-layout":"","theme-transparent-header-meta":"","adv-header-id-meta":"","stick-header-meta":"","header-above-stick-meta":"","header-main-stick-meta":"","header-below-stick-meta":"","astra-migrate-meta-layouts":"default","ast-page-background-enabled":"default","ast-page-background-meta":{"desktop":{"background-color":"var(--ast-global-color-4)","background-image":"","background-repeat":"repeat","background-position":"center center","background-size":"auto","background-attachment":"scroll","background-type":"","background-media":"","overlay-type":"","overlay-color":"","overlay-opacity":"","overlay-gradient":""},"tablet":{"background-color":"","background-image":"","background-repeat":"repeat","background-position":"center center","background-size":"auto","background-attachment":"scroll","background-type":"","background-media":"","overlay-type":"","overlay-color":"","overlay-opacity":"","overlay-gradient":""},"mobile":{"background-color":"","background-image":"","background-repeat":"repeat","background-position":"center center","background-size":"auto","background-attachment":"scroll","background-type":"","background-media":"","overlay-type":"","overlay-color":"","overlay-opacity":"","overlay-gradient":""}},"ast-content-background-meta":{"desktop":{"background-color":"var(--ast-global-color-5)","background-image":"","background-repeat":"repeat","background-position":"center center","background-size":"auto","background-attachment":"scroll","background-type":"","background-media":"","overlay-type":"","overlay-color":"","overlay-opacity":"","overlay-gradient":""},"tablet":{"background-color":"var(--ast-global-color-5)","background-image":"","background-repeat":"repeat","background-position":"center center","background-size":"auto","background-attachment":"scroll","background-type":"","background-media":"","overlay-type":"","overlay-color":"","overlay-opacity":"","overlay-gradient":""},"mobile":{"background-color":"var(--ast-global-color-5)","background-image":"","background-repeat":"repeat","background-position":"center center","background-size":"auto","background-attachment":"scroll","background-type":"","background-media":"","overlay-type":"","overlay-color":"","overlay-opacity":"","overlay-gradient":""}},"footnotes":""},"class_list":["post-349","page","type-page","status-publish","hentry"],"uagb_featured_image_src":{"full":false,"thumbnail":false,"medium":false,"medium_large":false,"large":false,"1536x1536":false,"2048x2048":false},"uagb_author_info":{"display_name":"debug","author_link":"https:\/\/www.cc3.it\/?author=1"},"uagb_comment_info":0,"uagb_excerpt":"La pianta della casa cos\u00ec come prevista da un geometra. Soluzione che non \u00e8 condivisibile n\u00e9 per disposizione degli spazi [&hellip;]","_links":{"self":[{"href":"https:\/\/www.cc3.it\/index.php?rest_route=\/wp\/v2\/pages\/349","targetHints":{"allow":["GET"]}}],"collection":[{"href":"https:\/\/www.cc3.it\/index.php?rest_route=\/wp\/v2\/pages"}],"about":[{"href":"https:\/\/www.cc3.it\/index.php?rest_route=\/wp\/v2\/types\/page"}],"author":[{"embeddable":true,"href":"https:\/\/www.cc3.it\/index.php?rest_route=\/wp\/v2\/users\/1"}],"replies":[{"embeddable":true,"href":"https:\/\/www.cc3.it\/index.php?rest_route=%2Fwp%2Fv2%2Fcomments&post=349"}],"version-history":[{"count":52,"href":"https:\/\/www.cc3.it\/index.php?rest_route=\/wp\/v2\/pages\/349\/revisions"}],"predecessor-version":[{"id":577,"href":"https:\/\/www.cc3.it\/index.php?rest_route=\/wp\/v2\/pages\/349\/revisions\/577"}],"wp:attachment":[{"href":"https:\/\/www.cc3.it\/index.php?rest_route=%2Fwp%2Fv2%2Fmedia&parent=349"}],"curies":[{"name":"wp","href":"https:\/\/api.w.org\/{rel}","templated":true}]}}